{"id":2825,"date":"2018-12-14T14:52:31","date_gmt":"2018-12-14T13:52:31","guid":{"rendered":"https:\/\/new.kanton.it\/impressum\/"},"modified":"2026-03-16T11:56:57","modified_gmt":"2026-03-16T10:56:57","slug":"legal-notes","status":"publish","type":"page","link":"https:\/\/new.kanton.it\/en\/legal-notes\/","title":{"rendered":"Legal notes"},"content":{"rendered":"\r\n<p>[rcb-consent type=&#8221;change&#8221; tag=&#8221;button&#8221; text=&#8221;Privatsph\u00e4re-Einstellungen \u00e4ndern&#8221;]<br \/>[rcb-consent type=&#8221;history&#8221; tag=&#8221;button&#8221; text=&#8221;Historie der Privatsph\u00e4re-Einstellungen&#8221;]<br \/>[rcb-consent type=&#8221;revoke&#8221; tag=&#8221;button&#8221; text=&#8221;Einwilligungen widerrufen&#8221; successmessage=&#8221;Du hast die Einwilligung erfolgreich widerrufen. Die Seite wird nun neu geladen.&#8221;]<\/p>\r\n","protected":false},"excerpt":{"rendered":"<p>[rcb-consent type=&#8221;change&#8221; tag=&#8221;button&#8221; text=&#8221;Privatsph\u00e4re-Einstellungen \u00e4ndern&#8221;][rcb-consent type=&#8221;history&#8221; tag=&#8221;button&#8221; text=&#8221;Historie der Privatsph\u00e4re-Einstellungen&#8221;][rcb-consent type=&#8221;revoke&#8221; tag=&#8221;button&#8221; text=&#8221;Einwilligungen widerrufen&#8221; successmessage=&#8221;Du hast die Einwilligung erfolgreich widerrufen. Die Seite wird nun neu geladen.&#8221;]<\/p>\n","protected":false},"author":1,"featured_media":0,"parent":0,"menu_order":101,"comment_status":"closed","ping_status":"closed","template":"template-dsgvo-impressum.php","meta":{"_acf_changed":false,"footnotes":""},"class_list":["post-2825","page","type-page","status-publish","hentry"],"acf":[],"_links":{"self":[{"href":"https:\/\/new.kanton.it\/en\/wp-json\/wp\/v2\/pages\/2825","targetHints":{"allow":["GET"]}}],"collection":[{"href":"https:\/\/new.kanton.it\/en\/wp-json\/wp\/v2\/pages"}],"about":[{"href":"https:\/\/new.kanton.it\/en\/wp-json\/wp\/v2\/types\/page"}],"author":[{"embeddable":true,"href":"https:\/\/new.kanton.it\/en\/wp-json\/wp\/v2\/users\/1"}],"replies":[{"embeddable":true,"href":"https:\/\/new.kanton.it\/en\/wp-json\/wp\/v2\/comments?post=2825"}],"version-history":[{"count":3,"href":"https:\/\/new.kanton.it\/en\/wp-json\/wp\/v2\/pages\/2825\/revisions"}],"predecessor-version":[{"id":2864,"href":"https:\/\/new.kanton.it\/en\/wp-json\/wp\/v2\/pages\/2825\/revisions\/2864"}],"wp:attachment":[{"href":"https:\/\/new.kanton.it\/en\/wp-json\/wp\/v2\/media?parent=2825"}],"curies":[{"name":"wp","href":"https:\/\/api.w.org\/{rel}","templated":true}]}}