{"id":766,"date":"2018-12-14T14:52:31","date_gmt":"2018-12-14T13:52:31","guid":{"rendered":"https:\/\/www.kanton.it\/?page_id=766"},"modified":"2026-03-02T16:56:22","modified_gmt":"2026-03-02T15:56:22","slug":"impressum","status":"publish","type":"page","link":"https:\/\/new.kanton.it\/de\/impressum\/","title":{"rendered":"Impressum"},"content":{"rendered":"\n<p>[rcb-consent type=&#8220;change&#8220; tag=&#8220;button&#8220; text=&#8220;Privatsph\u00e4re-Einstellungen \u00e4ndern&#8220;]<br \/>[rcb-consent type=&#8220;history&#8220; tag=&#8220;button&#8220; text=&#8220;Historie der Privatsph\u00e4re-Einstellungen&#8220;]<br \/>[rcb-consent type=&#8220;revoke&#8220; tag=&#8220;button&#8220; text=&#8220;Einwilligungen widerrufen&#8220; successmessage=&#8220;Du hast die Einwilligung erfolgreich widerrufen. Die Seite wird nun neu geladen.&#8220;]<\/p>\n","protected":false},"excerpt":{"rendered":"<p>[rcb-consent type=&#8220;change&#8220; tag=&#8220;button&#8220; text=&#8220;Privatsph\u00e4re-Einstellungen \u00e4ndern&#8220;][rcb-consent type=&#8220;history&#8220; tag=&#8220;button&#8220; text=&#8220;Historie der Privatsph\u00e4re-Einstellungen&#8220;][rcb-consent type=&#8220;revoke&#8220; tag=&#8220;button&#8220; text=&#8220;Einwilligungen widerrufen&#8220; successmessage=&#8220;Du hast die Einwilligung erfolgreich widerrufen. Die Seite wird nun neu geladen.&#8220;]<\/p>\n","protected":false},"author":1,"featured_media":0,"parent":0,"menu_order":101,"comment_status":"closed","ping_status":"closed","template":"template-dsgvo-impressum.php","meta":{"_acf_changed":false,"footnotes":""},"class_list":["post-766","page","type-page","status-publish","hentry"],"acf":[],"_links":{"self":[{"href":"https:\/\/new.kanton.it\/de\/wp-json\/wp\/v2\/pages\/766","targetHints":{"allow":["GET"]}}],"collection":[{"href":"https:\/\/new.kanton.it\/de\/wp-json\/wp\/v2\/pages"}],"about":[{"href":"https:\/\/new.kanton.it\/de\/wp-json\/wp\/v2\/types\/page"}],"author":[{"embeddable":true,"href":"https:\/\/new.kanton.it\/de\/wp-json\/wp\/v2\/users\/1"}],"replies":[{"embeddable":true,"href":"https:\/\/new.kanton.it\/de\/wp-json\/wp\/v2\/comments?post=766"}],"version-history":[{"count":2,"href":"https:\/\/new.kanton.it\/de\/wp-json\/wp\/v2\/pages\/766\/revisions"}],"predecessor-version":[{"id":1919,"href":"https:\/\/new.kanton.it\/de\/wp-json\/wp\/v2\/pages\/766\/revisions\/1919"}],"wp:attachment":[{"href":"https:\/\/new.kanton.it\/de\/wp-json\/wp\/v2\/media?parent=766"}],"curies":[{"name":"wp","href":"https:\/\/api.w.org\/{rel}","templated":true}]}}